{"id":21,"date":"2013-08-23T09:14:20","date_gmt":"2013-08-23T09:14:20","guid":{"rendered":"http:\/\/paris-psychotherapy-counselling.fr\/admin\/?page_id=21"},"modified":"2023-09-14T20:27:32","modified_gmt":"2023-09-14T20:27:32","slug":"english-speaking-psychotherapy-in-paris","status":"publish","type":"page","link":"https:\/\/paris-psychotherapy-counselling.fr\/admin\/english-speaking-psychotherapy-in-paris\/","title":{"rendered":"ENGLISH SPEAKING PSYCHOTHERAPY"},"content":{"rendered":"<h2><strong>What is my approach ?\u00a0<\/strong><\/h2>\n<p>Trained in London, my approach is integrative. Which means that it combines methods from different schools of psychology.<\/p>\n<div>In my opinion the strength of this model is that it adapts itself to the individual without imposing any dogma. The counselling room becomes an open and safe space for dialogue and cooperation, allowing the exploration of the past and present as well as potential in the future.<\/div>\n<div><\/div>\n<div>My practice is predominantly influenced\u00a0 by\u00a0 the following models of psychotherapy :<\/div>\n<div>Gestalt, humanistic, person centered, existential and transpersonal therapy.<\/div>\n<div><\/div>\n<div>I work with adults, <a href=\"https:\/\/paris-psychotherapy-counselling.fr\/admin\/therapies\/adolescent-teenager-counselling\/\">teenagers <\/a>and <a href=\"https:\/\/paris-psychotherapy-counselling.fr\/admin\/therapies\/family-marriage-counselling-and-couples-therapy\/\">couples<\/a> French and English.<\/div>\n<div><\/div>\n<div>LGBTQ+ friendly.<\/div>\n<div>\n<h2 class=\"widget-title\">Qualifications and ethics<\/h2>\n<div class=\"textwidget\">\n<div>\u00a0I hold a postgraduate diploma in counselling (PGdip) from University of East London (UEL). Diploma accredited by the British Association for Counselling and Psychotherapy (<a href=\"https:\/\/www.bacp.co.uk\/\">BACP<\/a>), and a Gestalt therapist diploma from Ecole Parisienne de Gestalt-Th\u00e9rapie.<\/div>\n<div><\/div>\n<div>In addition I hold the European Certificate of Psychotherapy established by the European Association for Psychotherapy (<a href=\"https:\/\/www.europsyche.org\/\">EAP<\/a>).<\/div>\n<div>I adhere to the ethical framework for good practice as set out by the BACP.<\/div>\n<div>In addition, I hold a \u2018mast\u00e8re sp\u00e9cialis\u00e9 \u2019 from HEC Paris business school.<\/div>\n<div><\/div>\n<\/div>\n<\/div>\n<div><a href=\"http:\/\/paris-psychotherapy-counselling.fr\/admin\/wp-content\/uploads\/2013\/08\/Le-cabinet-cl.jpg\"><img loading=\"lazy\" decoding=\"async\" class=\"alignnone size-full wp-image-129\" src=\"http:\/\/paris-psychotherapy-counselling.fr\/admin\/wp-content\/uploads\/2013\/08\/Le-cabinet-cl.jpg\" alt=\"\" width=\"266\" height=\"198\" \/><\/a><\/div>\n","protected":false},"excerpt":{"rendered":"<p>What is my approach ?\u00a0 Trained in London, my approach is integrative. Which means that it combines methods from different schools of psychology. In my opinion the strength of this model is that it adapts itself to the individual without&hellip; <\/p>\n","protected":false},"author":1,"featured_media":0,"parent":0,"menu_order":1,"comment_status":"closed","ping_status":"closed","template":"","meta":{"footnotes":""},"class_list":["post-21","page","type-page","status-publish","hentry"],"yoast_head":"<!-- This site is optimized with the Yoast SEO plugin v21.8 - https:\/\/yoast.com\/wordpress\/plugins\/seo\/ -->\n<title>ENGLISH SPEAKING PSYCHOTHERAPY - Ghislain RUBIO DE TERAN<\/title>\n<meta name=\"description\" content=\"English-speaking Psychotherapy in Paris. I work with adults, teenagers and couples in French and English. LGBTQIA+ friendly. (Working with lesbian, gay, bisexual, transgender and queer or questioning \u2026)\" \/>\n<meta name=\"robots\" content=\"index, follow, max-snippet:-1, max-image-preview:large, max-video-preview:-1\" \/>\n<link rel=\"canonical\" href=\"https:\/\/paris-psychotherapy-counselling.fr\/admin\/english-speaking-psychotherapy-in-paris\/\" \/>\n<meta property=\"og:locale\" content=\"en_US\" \/>\n<meta property=\"og:type\" content=\"article\" \/>\n<meta property=\"og:title\" content=\"ENGLISH SPEAKING PSYCHOTHERAPY - Ghislain RUBIO DE TERAN\" \/>\n<meta property=\"og:description\" content=\"English-speaking Psychotherapy in Paris. I work with adults, teenagers and couples in French and English. LGBTQIA+ friendly. (Working with lesbian, gay, bisexual, transgender and queer or questioning \u2026)\" \/>\n<meta property=\"og:url\" content=\"https:\/\/paris-psychotherapy-counselling.fr\/admin\/english-speaking-psychotherapy-in-paris\/\" \/>\n<meta property=\"og:site_name\" content=\"Ghislain RUBIO DE TERAN\" \/>\n<meta property=\"article:modified_time\" content=\"2023-09-14T20:27:32+00:00\" \/>\n<meta property=\"og:image\" content=\"http:\/\/paris-psychotherapy-counselling.fr\/admin\/wp-content\/uploads\/2013\/08\/Le-cabinet-cl.jpg\" \/>\n<meta name=\"twitter:card\" content=\"summary_large_image\" \/>\n<meta name=\"twitter:label1\" content=\"Est. reading time\" \/>\n\t<meta name=\"twitter:data1\" content=\"2 minutes\" \/>\n<script type=\"application\/ld+json\" class=\"yoast-schema-graph\">{\"@context\":\"https:\/\/schema.org\",\"@graph\":[{\"@type\":\"WebPage\",\"@id\":\"https:\/\/paris-psychotherapy-counselling.fr\/admin\/english-speaking-psychotherapy-in-paris\/\",\"url\":\"https:\/\/paris-psychotherapy-counselling.fr\/admin\/english-speaking-psychotherapy-in-paris\/\",\"name\":\"ENGLISH SPEAKING PSYCHOTHERAPY - Ghislain RUBIO DE TERAN\",\"isPartOf\":{\"@id\":\"https:\/\/paris-psychotherapy-counselling.fr\/admin\/#website\"},\"datePublished\":\"2013-08-23T09:14:20+00:00\",\"dateModified\":\"2023-09-14T20:27:32+00:00\",\"description\":\"English-speaking Psychotherapy in Paris. I work with adults, teenagers and couples in French and English. LGBTQIA+ friendly. (Working with lesbian, gay, bisexual, transgender and queer or questioning \u2026)\",\"breadcrumb\":{\"@id\":\"https:\/\/paris-psychotherapy-counselling.fr\/admin\/english-speaking-psychotherapy-in-paris\/#breadcrumb\"},\"inLanguage\":\"en-US\",\"potentialAction\":[{\"@type\":\"ReadAction\",\"target\":[\"https:\/\/paris-psychotherapy-counselling.fr\/admin\/english-speaking-psychotherapy-in-paris\/\"]}]},{\"@type\":\"BreadcrumbList\",\"@id\":\"https:\/\/paris-psychotherapy-counselling.fr\/admin\/english-speaking-psychotherapy-in-paris\/#breadcrumb\",\"itemListElement\":[{\"@type\":\"ListItem\",\"position\":1,\"name\":\"Home\",\"item\":\"https:\/\/paris-psychotherapy-counselling.fr\/admin\/\"},{\"@type\":\"ListItem\",\"position\":2,\"name\":\"ENGLISH SPEAKING PSYCHOTHERAPY\"}]},{\"@type\":\"WebSite\",\"@id\":\"https:\/\/paris-psychotherapy-counselling.fr\/admin\/#website\",\"url\":\"https:\/\/paris-psychotherapy-counselling.fr\/admin\/\",\"name\":\"Ghislain RUBIO DE TERAN\",\"description\":\"Paris Psychotherapy and Counselling \",\"publisher\":{\"@id\":\"https:\/\/paris-psychotherapy-counselling.fr\/admin\/#\/schema\/person\/69483fdbdf6516ccbb499dbfa1ee0954\"},\"potentialAction\":[{\"@type\":\"SearchAction\",\"target\":{\"@type\":\"EntryPoint\",\"urlTemplate\":\"https:\/\/paris-psychotherapy-counselling.fr\/admin\/?s={search_term_string}\"},\"query-input\":\"required name=search_term_string\"}],\"inLanguage\":\"en-US\"},{\"@type\":[\"Person\",\"Organization\"],\"@id\":\"https:\/\/paris-psychotherapy-counselling.fr\/admin\/#\/schema\/person\/69483fdbdf6516ccbb499dbfa1ee0954\",\"name\":\"jgw3s\",\"image\":{\"@type\":\"ImageObject\",\"inLanguage\":\"en-US\",\"@id\":\"https:\/\/paris-psychotherapy-counselling.fr\/admin\/#\/schema\/person\/image\/\",\"url\":\"https:\/\/paris-psychotherapy-counselling.fr\/admin\/wp-content\/uploads\/2023\/09\/20230718_135401-1.jpg\",\"contentUrl\":\"https:\/\/paris-psychotherapy-counselling.fr\/admin\/wp-content\/uploads\/2023\/09\/20230718_135401-1.jpg\",\"width\":1245,\"height\":1455,\"caption\":\"jgw3s\"},\"logo\":{\"@id\":\"https:\/\/paris-psychotherapy-counselling.fr\/admin\/#\/schema\/person\/image\/\"}}]}<\/script>\n<!-- \/ Yoast SEO plugin. -->","yoast_head_json":{"title":"ENGLISH SPEAKING PSYCHOTHERAPY - Ghislain RUBIO DE TERAN","description":"English-speaking Psychotherapy in Paris. I work with adults, teenagers and couples in French and English. LGBTQIA+ friendly. (Working with lesbian, gay, bisexual, transgender and queer or questioning \u2026)","robots":{"index":"index","follow":"follow","max-snippet":"max-snippet:-1","max-image-preview":"max-image-preview:large","max-video-preview":"max-video-preview:-1"},"canonical":"https:\/\/paris-psychotherapy-counselling.fr\/admin\/english-speaking-psychotherapy-in-paris\/","og_locale":"en_US","og_type":"article","og_title":"ENGLISH SPEAKING PSYCHOTHERAPY - Ghislain RUBIO DE TERAN","og_description":"English-speaking Psychotherapy in Paris. I work with adults, teenagers and couples in French and English. LGBTQIA+ friendly. (Working with lesbian, gay, bisexual, transgender and queer or questioning \u2026)","og_url":"https:\/\/paris-psychotherapy-counselling.fr\/admin\/english-speaking-psychotherapy-in-paris\/","og_site_name":"Ghislain RUBIO DE TERAN","article_modified_time":"2023-09-14T20:27:32+00:00","og_image":[{"url":"http:\/\/paris-psychotherapy-counselling.fr\/admin\/wp-content\/uploads\/2013\/08\/Le-cabinet-cl.jpg"}],"twitter_card":"summary_large_image","twitter_misc":{"Est. reading time":"2 minutes"},"schema":{"@context":"https:\/\/schema.org","@graph":[{"@type":"WebPage","@id":"https:\/\/paris-psychotherapy-counselling.fr\/admin\/english-speaking-psychotherapy-in-paris\/","url":"https:\/\/paris-psychotherapy-counselling.fr\/admin\/english-speaking-psychotherapy-in-paris\/","name":"ENGLISH SPEAKING PSYCHOTHERAPY - Ghislain RUBIO DE TERAN","isPartOf":{"@id":"https:\/\/paris-psychotherapy-counselling.fr\/admin\/#website"},"datePublished":"2013-08-23T09:14:20+00:00","dateModified":"2023-09-14T20:27:32+00:00","description":"English-speaking Psychotherapy in Paris. I work with adults, teenagers and couples in French and English. LGBTQIA+ friendly. (Working with lesbian, gay, bisexual, transgender and queer or questioning \u2026)","breadcrumb":{"@id":"https:\/\/paris-psychotherapy-counselling.fr\/admin\/english-speaking-psychotherapy-in-paris\/#breadcrumb"},"inLanguage":"en-US","potentialAction":[{"@type":"ReadAction","target":["https:\/\/paris-psychotherapy-counselling.fr\/admin\/english-speaking-psychotherapy-in-paris\/"]}]},{"@type":"BreadcrumbList","@id":"https:\/\/paris-psychotherapy-counselling.fr\/admin\/english-speaking-psychotherapy-in-paris\/#breadcrumb","itemListElement":[{"@type":"ListItem","position":1,"name":"Home","item":"https:\/\/paris-psychotherapy-counselling.fr\/admin\/"},{"@type":"ListItem","position":2,"name":"ENGLISH SPEAKING PSYCHOTHERAPY"}]},{"@type":"WebSite","@id":"https:\/\/paris-psychotherapy-counselling.fr\/admin\/#website","url":"https:\/\/paris-psychotherapy-counselling.fr\/admin\/","name":"Ghislain RUBIO DE TERAN","description":"Paris Psychotherapy and Counselling ","publisher":{"@id":"https:\/\/paris-psychotherapy-counselling.fr\/admin\/#\/schema\/person\/69483fdbdf6516ccbb499dbfa1ee0954"},"potentialAction":[{"@type":"SearchAction","target":{"@type":"EntryPoint","urlTemplate":"https:\/\/paris-psychotherapy-counselling.fr\/admin\/?s={search_term_string}"},"query-input":"required name=search_term_string"}],"inLanguage":"en-US"},{"@type":["Person","Organization"],"@id":"https:\/\/paris-psychotherapy-counselling.fr\/admin\/#\/schema\/person\/69483fdbdf6516ccbb499dbfa1ee0954","name":"jgw3s","image":{"@type":"ImageObject","inLanguage":"en-US","@id":"https:\/\/paris-psychotherapy-counselling.fr\/admin\/#\/schema\/person\/image\/","url":"https:\/\/paris-psychotherapy-counselling.fr\/admin\/wp-content\/uploads\/2023\/09\/20230718_135401-1.jpg","contentUrl":"https:\/\/paris-psychotherapy-counselling.fr\/admin\/wp-content\/uploads\/2023\/09\/20230718_135401-1.jpg","width":1245,"height":1455,"caption":"jgw3s"},"logo":{"@id":"https:\/\/paris-psychotherapy-counselling.fr\/admin\/#\/schema\/person\/image\/"}}]}},"_links":{"self":[{"href":"https:\/\/paris-psychotherapy-counselling.fr\/admin\/wp-json\/wp\/v2\/pages\/21"}],"collection":[{"href":"https:\/\/paris-psychotherapy-counselling.fr\/admin\/wp-json\/wp\/v2\/pages"}],"about":[{"href":"https:\/\/paris-psychotherapy-counselling.fr\/admin\/wp-json\/wp\/v2\/types\/page"}],"author":[{"embeddable":true,"href":"https:\/\/paris-psychotherapy-counselling.fr\/admin\/wp-json\/wp\/v2\/users\/1"}],"replies":[{"embeddable":true,"href":"https:\/\/paris-psychotherapy-counselling.fr\/admin\/wp-json\/wp\/v2\/comments?post=21"}],"version-history":[{"count":21,"href":"https:\/\/paris-psychotherapy-counselling.fr\/admin\/wp-json\/wp\/v2\/pages\/21\/revisions"}],"predecessor-version":[{"id":385,"href":"https:\/\/paris-psychotherapy-counselling.fr\/admin\/wp-json\/wp\/v2\/pages\/21\/revisions\/385"}],"wp:attachment":[{"href":"https:\/\/paris-psychotherapy-counselling.fr\/admin\/wp-json\/wp\/v2\/media?parent=21"}],"curies":[{"name":"wp","href":"https:\/\/api.w.org\/{rel}","templated":true}]}}