{"id":27,"date":"2013-08-23T09:17:29","date_gmt":"2013-08-23T09:17:29","guid":{"rendered":"http:\/\/paris-psychotherapy-counselling.fr\/admin\/?page_id=27"},"modified":"2023-09-14T08:32:49","modified_gmt":"2023-09-14T08:32:49","slug":"location","status":"publish","type":"page","link":"https:\/\/paris-psychotherapy-counselling.fr\/admin\/location\/","title":{"rendered":"LOCATION"},"content":{"rendered":"<p>96 rue de la Folie M\u00e9ricourt<\/p>\n<p>75011 Paris<\/p>\n<p>M\u00e9tro Stations : R\u00e9publique, Parmentier, Oberkampf<\/p>\n<div>\u00a0<\/div>\n\n\n<figure class=\"wp-block-image size-full\"><a href=\"https:\/\/paris-psychotherapy-counselling.fr\/admin\/wp-content\/uploads\/2023\/09\/Folie-mericourt.jpg\"><img loading=\"lazy\" decoding=\"async\" width=\"645\" height=\"334\" src=\"https:\/\/paris-psychotherapy-counselling.fr\/admin\/wp-content\/uploads\/2023\/09\/Folie-mericourt.jpg\" alt=\"\" class=\"wp-image-339\" srcset=\"https:\/\/paris-psychotherapy-counselling.fr\/admin\/wp-content\/uploads\/2023\/09\/Folie-mericourt.jpg 645w, https:\/\/paris-psychotherapy-counselling.fr\/admin\/wp-content\/uploads\/2023\/09\/Folie-mericourt-300x155.jpg 300w\" sizes=\"(max-width: 645px) 100vw, 645px\" \/><\/a><\/figure>\n","protected":false},"excerpt":{"rendered":"<p>96 rue de la Folie M\u00e9ricourt 75011 Paris M\u00e9tro Stations : R\u00e9publique, Parmentier, Oberkampf \u00a0<\/p>\n","protected":false},"author":1,"featured_media":0,"parent":0,"menu_order":5,"comment_status":"closed","ping_status":"closed","template":"","meta":{"footnotes":""},"class_list":["post-27","page","type-page","status-publish","hentry"],"yoast_head":"<!-- This site is optimized with the Yoast SEO plugin v21.8 - https:\/\/yoast.com\/wordpress\/plugins\/seo\/ -->\n<title>LOCATION - Ghislain RUBIO DE TERAN<\/title>\n<meta name=\"robots\" content=\"index, follow, max-snippet:-1, max-image-preview:large, max-video-preview:-1\" \/>\n<link rel=\"canonical\" href=\"https:\/\/paris-psychotherapy-counselling.fr\/admin\/location\/\" \/>\n<meta property=\"og:locale\" content=\"en_US\" \/>\n<meta property=\"og:type\" content=\"article\" \/>\n<meta property=\"og:title\" content=\"LOCATION - Ghislain RUBIO DE TERAN\" \/>\n<meta property=\"og:description\" content=\"96 rue de la Folie M\u00e9ricourt 75011 Paris M\u00e9tro Stations : R\u00e9publique, Parmentier, Oberkampf \u00a0\" \/>\n<meta property=\"og:url\" content=\"https:\/\/paris-psychotherapy-counselling.fr\/admin\/location\/\" \/>\n<meta property=\"og:site_name\" content=\"Ghislain RUBIO DE TERAN\" \/>\n<meta property=\"article:modified_time\" content=\"2023-09-14T08:32:49+00:00\" \/>\n<meta property=\"og:image\" content=\"https:\/\/paris-psychotherapy-counselling.fr\/admin\/wp-content\/uploads\/2023\/09\/Folie-mericourt.jpg\" \/>\n<meta name=\"twitter:card\" content=\"summary_large_image\" \/>\n<script type=\"application\/ld+json\" class=\"yoast-schema-graph\">{\"@context\":\"https:\/\/schema.org\",\"@graph\":[{\"@type\":\"WebPage\",\"@id\":\"https:\/\/paris-psychotherapy-counselling.fr\/admin\/location\/\",\"url\":\"https:\/\/paris-psychotherapy-counselling.fr\/admin\/location\/\",\"name\":\"LOCATION - Ghislain RUBIO DE TERAN\",\"isPartOf\":{\"@id\":\"https:\/\/paris-psychotherapy-counselling.fr\/admin\/#website\"},\"datePublished\":\"2013-08-23T09:17:29+00:00\",\"dateModified\":\"2023-09-14T08:32:49+00:00\",\"breadcrumb\":{\"@id\":\"https:\/\/paris-psychotherapy-counselling.fr\/admin\/location\/#breadcrumb\"},\"inLanguage\":\"en-US\",\"potentialAction\":[{\"@type\":\"ReadAction\",\"target\":[\"https:\/\/paris-psychotherapy-counselling.fr\/admin\/location\/\"]}]},{\"@type\":\"BreadcrumbList\",\"@id\":\"https:\/\/paris-psychotherapy-counselling.fr\/admin\/location\/#breadcrumb\",\"itemListElement\":[{\"@type\":\"ListItem\",\"position\":1,\"name\":\"Home\",\"item\":\"https:\/\/paris-psychotherapy-counselling.fr\/admin\/\"},{\"@type\":\"ListItem\",\"position\":2,\"name\":\"LOCATION\"}]},{\"@type\":\"WebSite\",\"@id\":\"https:\/\/paris-psychotherapy-counselling.fr\/admin\/#website\",\"url\":\"https:\/\/paris-psychotherapy-counselling.fr\/admin\/\",\"name\":\"Ghislain RUBIO DE TERAN\",\"description\":\"Paris Psychotherapy and Counselling \",\"publisher\":{\"@id\":\"https:\/\/paris-psychotherapy-counselling.fr\/admin\/#\/schema\/person\/69483fdbdf6516ccbb499dbfa1ee0954\"},\"potentialAction\":[{\"@type\":\"SearchAction\",\"target\":{\"@type\":\"EntryPoint\",\"urlTemplate\":\"https:\/\/paris-psychotherapy-counselling.fr\/admin\/?s={search_term_string}\"},\"query-input\":\"required name=search_term_string\"}],\"inLanguage\":\"en-US\"},{\"@type\":[\"Person\",\"Organization\"],\"@id\":\"https:\/\/paris-psychotherapy-counselling.fr\/admin\/#\/schema\/person\/69483fdbdf6516ccbb499dbfa1ee0954\",\"name\":\"jgw3s\",\"image\":{\"@type\":\"ImageObject\",\"inLanguage\":\"en-US\",\"@id\":\"https:\/\/paris-psychotherapy-counselling.fr\/admin\/#\/schema\/person\/image\/\",\"url\":\"https:\/\/paris-psychotherapy-counselling.fr\/admin\/wp-content\/uploads\/2023\/09\/20230718_135401-1.jpg\",\"contentUrl\":\"https:\/\/paris-psychotherapy-counselling.fr\/admin\/wp-content\/uploads\/2023\/09\/20230718_135401-1.jpg\",\"width\":1245,\"height\":1455,\"caption\":\"jgw3s\"},\"logo\":{\"@id\":\"https:\/\/paris-psychotherapy-counselling.fr\/admin\/#\/schema\/person\/image\/\"}}]}<\/script>\n<!-- \/ Yoast SEO plugin. -->","yoast_head_json":{"title":"LOCATION - Ghislain RUBIO DE TERAN","robots":{"index":"index","follow":"follow","max-snippet":"max-snippet:-1","max-image-preview":"max-image-preview:large","max-video-preview":"max-video-preview:-1"},"canonical":"https:\/\/paris-psychotherapy-counselling.fr\/admin\/location\/","og_locale":"en_US","og_type":"article","og_title":"LOCATION - Ghislain RUBIO DE TERAN","og_description":"96 rue de la Folie M\u00e9ricourt 75011 Paris M\u00e9tro Stations : R\u00e9publique, Parmentier, Oberkampf \u00a0","og_url":"https:\/\/paris-psychotherapy-counselling.fr\/admin\/location\/","og_site_name":"Ghislain RUBIO DE TERAN","article_modified_time":"2023-09-14T08:32:49+00:00","og_image":[{"url":"https:\/\/paris-psychotherapy-counselling.fr\/admin\/wp-content\/uploads\/2023\/09\/Folie-mericourt.jpg"}],"twitter_card":"summary_large_image","schema":{"@context":"https:\/\/schema.org","@graph":[{"@type":"WebPage","@id":"https:\/\/paris-psychotherapy-counselling.fr\/admin\/location\/","url":"https:\/\/paris-psychotherapy-counselling.fr\/admin\/location\/","name":"LOCATION - Ghislain RUBIO DE TERAN","isPartOf":{"@id":"https:\/\/paris-psychotherapy-counselling.fr\/admin\/#website"},"datePublished":"2013-08-23T09:17:29+00:00","dateModified":"2023-09-14T08:32:49+00:00","breadcrumb":{"@id":"https:\/\/paris-psychotherapy-counselling.fr\/admin\/location\/#breadcrumb"},"inLanguage":"en-US","potentialAction":[{"@type":"ReadAction","target":["https:\/\/paris-psychotherapy-counselling.fr\/admin\/location\/"]}]},{"@type":"BreadcrumbList","@id":"https:\/\/paris-psychotherapy-counselling.fr\/admin\/location\/#breadcrumb","itemListElement":[{"@type":"ListItem","position":1,"name":"Home","item":"https:\/\/paris-psychotherapy-counselling.fr\/admin\/"},{"@type":"ListItem","position":2,"name":"LOCATION"}]},{"@type":"WebSite","@id":"https:\/\/paris-psychotherapy-counselling.fr\/admin\/#website","url":"https:\/\/paris-psychotherapy-counselling.fr\/admin\/","name":"Ghislain RUBIO DE TERAN","description":"Paris Psychotherapy and Counselling ","publisher":{"@id":"https:\/\/paris-psychotherapy-counselling.fr\/admin\/#\/schema\/person\/69483fdbdf6516ccbb499dbfa1ee0954"},"potentialAction":[{"@type":"SearchAction","target":{"@type":"EntryPoint","urlTemplate":"https:\/\/paris-psychotherapy-counselling.fr\/admin\/?s={search_term_string}"},"query-input":"required name=search_term_string"}],"inLanguage":"en-US"},{"@type":["Person","Organization"],"@id":"https:\/\/paris-psychotherapy-counselling.fr\/admin\/#\/schema\/person\/69483fdbdf6516ccbb499dbfa1ee0954","name":"jgw3s","image":{"@type":"ImageObject","inLanguage":"en-US","@id":"https:\/\/paris-psychotherapy-counselling.fr\/admin\/#\/schema\/person\/image\/","url":"https:\/\/paris-psychotherapy-counselling.fr\/admin\/wp-content\/uploads\/2023\/09\/20230718_135401-1.jpg","contentUrl":"https:\/\/paris-psychotherapy-counselling.fr\/admin\/wp-content\/uploads\/2023\/09\/20230718_135401-1.jpg","width":1245,"height":1455,"caption":"jgw3s"},"logo":{"@id":"https:\/\/paris-psychotherapy-counselling.fr\/admin\/#\/schema\/person\/image\/"}}]}},"_links":{"self":[{"href":"https:\/\/paris-psychotherapy-counselling.fr\/admin\/wp-json\/wp\/v2\/pages\/27"}],"collection":[{"href":"https:\/\/paris-psychotherapy-counselling.fr\/admin\/wp-json\/wp\/v2\/pages"}],"about":[{"href":"https:\/\/paris-psychotherapy-counselling.fr\/admin\/wp-json\/wp\/v2\/types\/page"}],"author":[{"embeddable":true,"href":"https:\/\/paris-psychotherapy-counselling.fr\/admin\/wp-json\/wp\/v2\/users\/1"}],"replies":[{"embeddable":true,"href":"https:\/\/paris-psychotherapy-counselling.fr\/admin\/wp-json\/wp\/v2\/comments?post=27"}],"version-history":[{"count":14,"href":"https:\/\/paris-psychotherapy-counselling.fr\/admin\/wp-json\/wp\/v2\/pages\/27\/revisions"}],"predecessor-version":[{"id":341,"href":"https:\/\/paris-psychotherapy-counselling.fr\/admin\/wp-json\/wp\/v2\/pages\/27\/revisions\/341"}],"wp:attachment":[{"href":"https:\/\/paris-psychotherapy-counselling.fr\/admin\/wp-json\/wp\/v2\/media?parent=27"}],"curies":[{"name":"wp","href":"https:\/\/api.w.org\/{rel}","templated":true}]}}